{"id":220,"date":"2013-03-04T05:28:31","date_gmt":"2013-03-04T04:28:31","guid":{"rendered":"http:\/\/www.laurentpernot.net\/eng\/?page_id=220"},"modified":"2026-03-30T18:05:05","modified_gmt":"2026-03-30T17:05:05","slug":"text","status":"publish","type":"page","link":"https:\/\/www.laurentpernot.net\/eng\/text\/","title":{"rendered":"TEXT"},"content":{"rendered":"\n<p>After studying photography at Paris VIII University and then film and video at Le Fresnoy, the National Studio for Contemporary Arts in Tourcoing, Laurent Pernot has spent the past fifteen years developing an artistic practice that encompasses installation, sculpture, light, writing, and, more recently, painting.<\/p>\n\n\n\n<p><br>He is interested in topics that transcend both ages and frontiers, such as time, memory, love, and mortality, with a particular focus on impermanence and our relationship with nature. His practice often revolves around references to literature, poetry, and philosophy, sometimes echoing specific places or historical figures (Hannah Arendt, Roland Barthes, L\u00e9on Blum, Eug\u00e8ne Delacroix, Emily Dickinson, Fran\u00e7oise H\u00e9ritier, Friedrich H\u00f6lderlin, Novalis, or Fernando Pessoa).<\/p>\n\n\n\n<p><br>Whether reflexive or meditative, discreet or monumental, Laurent Pernot creates works that invite contemplation, in a timeless space, sometimes playing with appearances and illusions. Combining fragility with beauty, love with eternity, traces with oblivion, and poetry with melancholy, he seeks to provoke reflections on what connects each of us to the grand history and, more generally, to what we call nature.<\/p>\n\n\n\n<p><br>His works have been exhibited at the Miro Foundation in Barcelona, the Sketch Gallery in London, the Long Museum in Shanghai, the MMOMA in Moscow, the Alvar Aalto Museum in Finland, the French Embassy in New Delhi, the MUBE in S\u00e3o Paulo, the Espace Culturel Louis Vuitton in France, the Palais de Tokyo, the Maison Rouge, the Centre Georges Pompidou, the Delacroix Museum, the MAC-VAL, the Domaine Pommery, Voyage \u00e0 Nantes, the ICA Villeurbanne, the LAM Villeneuve-d\u2019Ascq, the Ch\u00e2teau Toulouse-Lautrec, the Domaine National de Saint-Cloud, and Saint Laurent Rive Droite in Paris and Los Angeles. He has collaborated with Jean-Paul Gaultier as well as with several theater directors and choreographers, and was recently invited by the Mus\u00e9e du Louvre-Lens to be the artistic director and scenographer for an exhibition dedicated to landscape. He has received several commissions for permanent works in public spaces and was the recipient of the SAM Prize for Contemporary Art in 2010. His works are held in museums, foundations, and collections around the world. He is represented by the Marguo Gallery in Paris.<\/p>\n\n\n\n<p class=\"has-text-align-center\"><em>No man is master of the wind, each one holds his sail as best he can.<\/em> Laurent Pernot<\/p>\n\n\n\n<p class=\"has-text-align-center\"><em>How great are the storms stirred up by man, that little animal who vanishes like smoke!<\/em> Erasmus (Complainte de la paix, 1516)<\/p>\n\n\n\n<p class=\"has-text-align-center has-white-color has-text-color has-link-color wp-elements-004bbb375be46a850bf787efb5eedf26\">___<\/p>\n\n\n\n<p>Extract from an interview with Bernard Le Magoarou, Centre des Monuments Nationaux magazine, #13, 2022 :<br><strong>What are your sources of inspiration?<\/strong><br><em>First of all, I&#8217;d say poetry and philosophy. I&#8217;ve always been sensitive to the relationship between the two, just as I&#8217;ve always been attracted to authors who share a certain philosophy of the human condition, such as Lucretius, H\u00f6lderlin, Novalis, Emily Dickinson, Edouard Glissant or Virginia Woolf, for example. Secondly, when you&#8217;re an artist, creation is a daily task, and inspiration a state of alertness that encourages constant observation. Anything can be the source or subject of a project, from the contemplations of nature to the irruptions of chance. Finally, I&#8217;d like to mention love, an essential source in my life and a force that, like the current of a stream, turns the wheels and waters the flowers on its banks. Loving raises us above a reality that sometimes overtakes the imaginary.<\/em><\/p>\n\n\n\n<p><\/p>\n\n\n\n<p><\/p>\n","protected":false},"excerpt":{"rendered":"<p>After studying photography at Paris VIII University and then film and video at Le Fresnoy, the National Studio for Contemporary Arts in Tourcoing, Laurent Pernot has spent the past fifteen years developing an artistic practice that encompasses installation, sculpture, light, writing, and, more recently, painting. He is interested in topics that transcend both ages and [&hellip;]<\/p>\n","protected":false},"author":1,"featured_media":0,"parent":0,"menu_order":0,"comment_status":"closed","ping_status":"closed","template":"","meta":{"footnotes":""},"class_list":["post-220","page","type-page","status-publish","hentry"],"yoast_head":"<!-- This site is optimized with the Yoast SEO plugin v27.5 - https:\/\/yoast.com\/product\/yoast-seo-wordpress\/ -->\n<title>TEXT - laurent pernot<\/title>\n<meta name=\"robots\" content=\"index, follow, max-snippet:-1, max-image-preview:large, max-video-preview:-1\" \/>\n<link rel=\"canonical\" href=\"https:\/\/www.laurentpernot.net\/eng\/text\/\" \/>\n<meta property=\"og:locale\" content=\"en_US\" \/>\n<meta property=\"og:type\" content=\"article\" \/>\n<meta property=\"og:title\" content=\"TEXT - laurent pernot\" \/>\n<meta property=\"og:description\" content=\"After studying photography at Paris VIII University and then film and video at Le Fresnoy, the National Studio for Contemporary Arts in Tourcoing, Laurent Pernot has spent the past fifteen years developing an artistic practice that encompasses installation, sculpture, light, writing, and, more recently, painting. He is interested in topics that transcend both ages and [&hellip;]\" \/>\n<meta property=\"og:url\" content=\"https:\/\/www.laurentpernot.net\/eng\/text\/\" \/>\n<meta property=\"og:site_name\" content=\"laurent pernot\" \/>\n<meta property=\"article:modified_time\" content=\"2026-03-30T17:05:05+00:00\" \/>\n<meta name=\"twitter:label1\" content=\"Est. reading time\" \/>\n\t<meta name=\"twitter:data1\" content=\"3 minutes\" \/>\n<script type=\"application\/ld+json\" class=\"yoast-schema-graph\">{\"@context\":\"https:\\\/\\\/schema.org\",\"@graph\":[{\"@type\":\"WebPage\",\"@id\":\"https:\\\/\\\/www.laurentpernot.net\\\/eng\\\/text\\\/\",\"url\":\"https:\\\/\\\/www.laurentpernot.net\\\/eng\\\/text\\\/\",\"name\":\"TEXT - laurent pernot\",\"isPartOf\":{\"@id\":\"https:\\\/\\\/www.laurentpernot.net\\\/eng\\\/#website\"},\"datePublished\":\"2013-03-04T04:28:31+00:00\",\"dateModified\":\"2026-03-30T17:05:05+00:00\",\"breadcrumb\":{\"@id\":\"https:\\\/\\\/www.laurentpernot.net\\\/eng\\\/text\\\/#breadcrumb\"},\"inLanguage\":\"en-US\",\"potentialAction\":[{\"@type\":\"ReadAction\",\"target\":[\"https:\\\/\\\/www.laurentpernot.net\\\/eng\\\/text\\\/\"]}]},{\"@type\":\"BreadcrumbList\",\"@id\":\"https:\\\/\\\/www.laurentpernot.net\\\/eng\\\/text\\\/#breadcrumb\",\"itemListElement\":[{\"@type\":\"ListItem\",\"position\":1,\"name\":\"Home\",\"item\":\"https:\\\/\\\/www.laurentpernot.net\\\/eng\\\/\"},{\"@type\":\"ListItem\",\"position\":2,\"name\":\"TEXT\"}]},{\"@type\":\"WebSite\",\"@id\":\"https:\\\/\\\/www.laurentpernot.net\\\/eng\\\/#website\",\"url\":\"https:\\\/\\\/www.laurentpernot.net\\\/eng\\\/\",\"name\":\"laurent pernot\",\"description\":\"Official website of the French contemporary artist Laurent Pernot\",\"potentialAction\":[{\"@type\":\"SearchAction\",\"target\":{\"@type\":\"EntryPoint\",\"urlTemplate\":\"https:\\\/\\\/www.laurentpernot.net\\\/eng\\\/?s={search_term_string}\"},\"query-input\":{\"@type\":\"PropertyValueSpecification\",\"valueRequired\":true,\"valueName\":\"search_term_string\"}}],\"inLanguage\":\"en-US\"}]}<\/script>\n<!-- \/ Yoast SEO plugin. -->","yoast_head_json":{"title":"TEXT - laurent pernot","robots":{"index":"index","follow":"follow","max-snippet":"max-snippet:-1","max-image-preview":"max-image-preview:large","max-video-preview":"max-video-preview:-1"},"canonical":"https:\/\/www.laurentpernot.net\/eng\/text\/","og_locale":"en_US","og_type":"article","og_title":"TEXT - laurent pernot","og_description":"After studying photography at Paris VIII University and then film and video at Le Fresnoy, the National Studio for Contemporary Arts in Tourcoing, Laurent Pernot has spent the past fifteen years developing an artistic practice that encompasses installation, sculpture, light, writing, and, more recently, painting. He is interested in topics that transcend both ages and [&hellip;]","og_url":"https:\/\/www.laurentpernot.net\/eng\/text\/","og_site_name":"laurent pernot","article_modified_time":"2026-03-30T17:05:05+00:00","twitter_misc":{"Est. reading time":"3 minutes"},"schema":{"@context":"https:\/\/schema.org","@graph":[{"@type":"WebPage","@id":"https:\/\/www.laurentpernot.net\/eng\/text\/","url":"https:\/\/www.laurentpernot.net\/eng\/text\/","name":"TEXT - laurent pernot","isPartOf":{"@id":"https:\/\/www.laurentpernot.net\/eng\/#website"},"datePublished":"2013-03-04T04:28:31+00:00","dateModified":"2026-03-30T17:05:05+00:00","breadcrumb":{"@id":"https:\/\/www.laurentpernot.net\/eng\/text\/#breadcrumb"},"inLanguage":"en-US","potentialAction":[{"@type":"ReadAction","target":["https:\/\/www.laurentpernot.net\/eng\/text\/"]}]},{"@type":"BreadcrumbList","@id":"https:\/\/www.laurentpernot.net\/eng\/text\/#breadcrumb","itemListElement":[{"@type":"ListItem","position":1,"name":"Home","item":"https:\/\/www.laurentpernot.net\/eng\/"},{"@type":"ListItem","position":2,"name":"TEXT"}]},{"@type":"WebSite","@id":"https:\/\/www.laurentpernot.net\/eng\/#website","url":"https:\/\/www.laurentpernot.net\/eng\/","name":"laurent pernot","description":"Official website of the French contemporary artist Laurent Pernot","potentialAction":[{"@type":"SearchAction","target":{"@type":"EntryPoint","urlTemplate":"https:\/\/www.laurentpernot.net\/eng\/?s={search_term_string}"},"query-input":{"@type":"PropertyValueSpecification","valueRequired":true,"valueName":"search_term_string"}}],"inLanguage":"en-US"}]}},"_links":{"self":[{"href":"https:\/\/www.laurentpernot.net\/eng\/wp-json\/wp\/v2\/pages\/220","targetHints":{"allow":["GET"]}}],"collection":[{"href":"https:\/\/www.laurentpernot.net\/eng\/wp-json\/wp\/v2\/pages"}],"about":[{"href":"https:\/\/www.laurentpernot.net\/eng\/wp-json\/wp\/v2\/types\/page"}],"author":[{"embeddable":true,"href":"https:\/\/www.laurentpernot.net\/eng\/wp-json\/wp\/v2\/users\/1"}],"replies":[{"embeddable":true,"href":"https:\/\/www.laurentpernot.net\/eng\/wp-json\/wp\/v2\/comments?post=220"}],"version-history":[{"count":62,"href":"https:\/\/www.laurentpernot.net\/eng\/wp-json\/wp\/v2\/pages\/220\/revisions"}],"predecessor-version":[{"id":5815,"href":"https:\/\/www.laurentpernot.net\/eng\/wp-json\/wp\/v2\/pages\/220\/revisions\/5815"}],"wp:attachment":[{"href":"https:\/\/www.laurentpernot.net\/eng\/wp-json\/wp\/v2\/media?parent=220"}],"curies":[{"name":"wp","href":"https:\/\/api.w.org\/{rel}","templated":true}]}}