{"id":15,"date":"2013-02-10T10:55:43","date_gmt":"2013-02-10T09:55:43","guid":{"rendered":"http:\/\/www.laurentpernot.net\/2013\/?page_id=15"},"modified":"2025-07-01T18:39:19","modified_gmt":"2025-07-01T17:39:19","slug":"biography","status":"publish","type":"page","link":"https:\/\/www.laurentpernot.net\/eng\/biography\/","title":{"rendered":"CV"},"content":{"rendered":"<p>Born in 1980. Lives and works in Paris.<\/p>\n<p><strong>EDUCATION<\/strong><\/p>\n<p>2004<br \/>\nLe Fresnoy National Studio for Contemporary Arts, Tourcoing<\/p>\n<p>2002<br \/>\nMaster\u2019s degree in photography and multimedia, Paris VIII University<\/p>\n<p><strong>SOLO EXHIBITIONS<\/strong><\/p>\n<p>2025<br \/>\nDown to earth, Marguo Gallery, Paris<\/p>\n<p>2023<br \/>\nJe me souviens, Parc National de Saint-Cloud, France<\/p>\n<p>2022<br \/>\nLaurent Pernot, Saint Laurent Rive Droite, Paris &amp; Los Angeles<br \/>\nWe are miserable, but love, suddenly, saves us, Marguo Gallery, Paris<br \/>\nLifetime, ch\u00e2teau Malrom\u00e9, Saint-Andr\u00e9-du-Bois<br \/>\nL\u2019\u00e9ternit\u00e9 devant soi, site arch\u00e9ologique de Glanum<\/p>\n<p>2021<br \/>\nAntino\u00fcs, Antino\u00fcs, garden Arnaud Beltrame &amp; Marguo Gallery, Paris<br \/>\nCompared with one moment of love, 4+4 project, RX Gallery, Paris<\/p>\n<p>2020-2021<br \/>\nI am looking for a place where nobody ever dies, Pavillon Vend\u00f4me, Aix-en-Provence<\/p>\n<p>2019<br \/>\nTitans, espace 36, Saint-Omer<\/p>\n<p>2017<br \/>\nOn Earth, Le Point Commun, Annecy<br \/>\nThe land where the trees dream, Le Voyage \u00e0 Nantes, Place Royale, Nantes<br \/>\nPas de rose pour l\u2019infini, Passage Sainte Croix, Nantes<\/p>\n<p>2016<br \/>\nThe Hope that still remains, Odile Ouizeman Gallery, Paris<\/p>\n<p>2015<br \/>\nA Fraction of infinity, MMOMA, Moscow Museum of Modern Art, Moscow, Russia<\/p>\n<p>2014<br \/>\nIn the spotlights, space 13\/16, Centre Pompidou, Paris<\/p>\n<p>2013<br \/>\nLight Year, La Filature, Mulhouse<br \/>\nPalace Sidi Mohammed Ben Youssef, Fez, Morocco<\/p>\n<p>2012<br \/>\nWhere Ghosts are born, Centre d\u2019Art Bastille, Grenoble<br \/>\nIntermittent memory, Mus\u00e9e Mandet, Riom<br \/>\nPhenomena, Palais Jacques Coeur, Bourges<br \/>\nThe Monkey trial, Odile Ouizeman Gallery, Paris<\/p>\n<p>2011<br \/>\nRush to perdition, Module, Palais de Tokyo, Paris<br \/>\nNational Centre for Contemporary Arts, Kaliningrad, Russia<\/p>\n<p>2010<br \/>\nSurvival of fireflies, Lux Sc\u00e8ne Nationale, Valence<br \/>\nDark matter, Attrape-couleurs, Lyon<\/p>\n<p>2009<br \/>\nPalacio das Artes, Belo Horizonte, Brazil<\/p>\n<p>2008<br \/>\nThe sky\u2019s turned black, Odile Ouizeman Gallery, Paris<\/p>\n<p>2007<br \/>\nSketch Gallery, London, England<br \/>\nBeyond miracles, 1aspace, Hong Kong, China<\/p>\n<p>2006<br \/>\nParticles, Alvar Aalto Museum, Jyv\u00e4skyl\u00e4, Finland<\/p>\n<p>2005<br \/>\nOnce upon a time, Miro Foundation, Espai 13, Barcelona, Spain<\/p>\n<p>2004<br \/>\nDon\u2019t close your eyes, Interxcross Creative Center, Sapporo, Japan<\/p>\n<p><strong>COLLECTIVE EXHIBITIONS<\/strong><\/p>\n<p>2025<br \/>\nLa fabrique du temps, Mus\u00e9e de la Poste, Paris<br \/>\nLe genre id\u00e9al, MAC VAL Museum, Vitry-sur-Seine<br \/>\n40 years, 40 artworks, Artoth\u00e8que d&#8217;Annecy<br \/>\nPhantom Limbs, Young Collectors Show,\u00a0<span class=\"x1lliihq x1plvlek xryxfnj x1n2onr6 x1ji0vk5 x18bv5gf x193iq5w xeuugli x1fj9vlw x13faqbe x1vvkbs x1s928wv xhkezso x1gmr53x x1cpjm7i x1fgarty x1943h6x x1i0vuye xvs91rp xo1l8bm x5n08af x10wh9bi xpm28yp x8viiok x1o7cslx\" dir=\"auto\"><span class=\"x193iq5w xeuugli x13faqbe x1vvkbs xt0psk2 x1i0vuye xvs91rp xo1l8bm x5n08af x10wh9bi xpm28yp x8viiok x1o7cslx x126k92a\">Nangang exhibition center, Taipei<br \/>\n\u00c9clats de couleurs, Castle of Rentilly<br \/>\nMerveilleuse demoiselle, Villa Demoiselle, Domaine Vranken Pommery, Reims<br \/>\nPrivate Choice, Paris<\/span><\/span><\/p>\n<p>2024<br \/>\nEffervescences, Ch\u00e2teau du Rivau, Lem\u00e9r\u00e9<br \/>\nArt Paris Art Fair, with Galerie Marguo, Grand Palais Eph\u00e9m\u00e8re<br \/>\nCollection 9, Galerie Claire Gastaud, Clemont-Ferrand<br \/>\nPrivate Choice, Paris<br \/>\nKiaf Art Fair, Marguo Gallery, Seoul, Korea<br \/>\nART021, Marguo Gallery, Shanghai<br \/>\nMonsters and other allegories, Arc-en-ciel, Li\u00e9vin<br \/>\nGal&#8217;art, exhibition and auction, Grenoble museum<\/p>\n<p>2023<br \/>\nPaysage, Louvre-Lens<br \/>\nPommery experience, Reims<br \/>\nR\u00e9enchanter la Terre, Castle Le Rivau<br \/>\nLight and Movement, foundation Villa Datris, L&#8217;isle-sur-la-Sorgue<br \/>\nSculpture on the island, Nancy island, Andr\u00e9sy<br \/>\nWhat the plants say, Le Grenier \u00e0 sel, Avignon<br \/>\nPaysages gel\u00e9s, Mus\u00e9e de l\u2019Abbaye, Saint-Claude<br \/>\nUCCA Gala 2023, Shanghai, China<\/p>\n<p>2022<br \/>\nUn mus\u00e9e \u00e0 soi, MRAC S\u00e9rignan<br \/>\nART021 Shanghai Contemporary art fair, galerie Marguo<br \/>\nLe grand tour, Mandet museum, Riom<br \/>\nLaniakea, La Ruche-Seydoux Foundation<br \/>\nLe temps suspendu, Mus\u00e9e-ch\u00e2teau, Annecy<br \/>\nPrivate choice, Paris<\/p>\n<p>2021<br \/>\nLe vent se l\u00e8ve, MAC VAL, Vitry-sur-Seine<br \/>\nAnglet Biennale, Anglet<br \/>\nSummer pieces, Malbuisson quadriennale<br \/>\nBlooming, Domaine Pommery, Reims<br \/>\nThe Taste of art &#8211; Part II, Ch\u00e2teau du Rivau, L\u00e9mer\u00e9<br \/>\nPrivate Choice, Paris<\/p>\n<p>2020<br \/>\nLe vent se l\u00e8ve, MAC VAL, Vitry-sur-Seine<br \/>\nAnglet Biennale, Anglet<br \/>\nParcours Saint-Germain, Paris<br \/>\nMetamorphoses, Maison des Arts, Chevilly-Larue<br \/>\n10 years!, Le Point Commun, Annecy<br \/>\nFrench Clich\u00e9, world tour 2020, Paris, Miami, New York, Dallas, Aspen, etc.<br \/>\nThe Taste of art, Ch\u00e2teau du Rivau, L\u00e9mer\u00e9, France<\/p>\n<p>2019<br \/>\nThe moon, Grand Palais, Paris<br \/>\nTentatives de bonheur, Ma\u00eff social club, Paris<br \/>\nDans l\u2019atelier \u2013 la cr\u00e9ation \u00e0 l\u2019oeuvre, Mus\u00e9e Eug\u00e8ne Delacroix, Paris<br \/>\nAll we have is what our childhood gave us, Until Then Gallery, Paris<br \/>\nSummer contemporary exhibition, Rarity Gallery, Mykonos<br \/>\nR\u00e9fl\u00e9chir la lumi\u00e8re, collection Mrac S\u00e9rignan, ly\u00e7\u00e9e Marc Bloch, S\u00e9rignan<br \/>\nFort contemporain, Mus\u00e9e du ch\u00e2teau de Mayenne<\/p>\n<p>2018<br \/>\nMedio Acqua, Base sous-marine, Bordeaux<br \/>\nPaysages Fictions, Les Abattoirs, Bill\u00e8re<br \/>\nArt is Hope, exhibition-auction Aides, Brussels Art Day, Brussels<br \/>\nNocturnales, screenings, Haras, Annecy<br \/>\nFleurs plaisantes, Mus\u00e9e des Arts D\u00e9coratifs, Namur, Belgium<br \/>\nLe Voyage \u00e0 Nantes, Particules, L&#8217;Atelier, Nantes<br \/>\nUn \u00e9t\u00e9 au Havre, Paysages Fictions, Le T\u00e9tris, Le Havre<br \/>\nMusicanim\u00e9e, screenings, French Alliance, San Francisco &amp; Annecy<br \/>\nA l&#8217;\u00e9preuve de l&#8217;eau, Fondation Fran\u00e7ois Schneider, Wattwiller<\/p>\n<p>2017<br \/>\nMonts et Merveilles, curated by Francois Loustau, Bel Ordinaire, Pau<br \/>\nComing Out- A Private Collection, Chapelle des Calvairiennes, Mayenne<br \/>\nDans mes mains dans mes r\u00eaves m\u00eame, Patio Opera, Paris<br \/>\nProcessus, Espace 13\/16, Centre Pompidou, Paris<br \/>\nBetween dreams and landscapes, Galerie Claire Gastaud, Clermont-Ferrand<br \/>\nLignes de Cr\u00eate, Archipel Art Contemporain, Saint-Gervais<br \/>\nDe Nature en Sculpture, Villa Datris, L\u2019Isle-sur-la-Sorgue<br \/>\nHortus 2, Fondation Edis pour l\u2019Art, Avignon<br \/>\n14 Seconds, 116 Contemporary art center, Montreuil<br \/>\nExperimental gallery, CCCOD (Oliver Debr\u00e9 Contemporary Art Center), Tours<\/p>\n<p>2016<br \/>\nD\u00e9penses, curated by L\u00e9a Bismuth, Labanque, B\u00e9thune<br \/>\nD\u2019autres possibles, curated by Thomas Fort, Pavillon Vend\u00f4me, Clichy<br \/>\nDe leur temps, Triennal exhibition by ADIAF, IAC Villeurbanne<br \/>\nBlue rose, EAC Les Roches, Chambon-sur-Lignon<br \/>\nN-v-otre H(h)istoire, Centre d\u2019Art Bastille, Grenoble<br \/>\nNext Stop Hennessy, Maison Hennessy, Cognac<br \/>\nPeach blossom is blooming, Culture station 284, Seoul, South Korea<\/p>\n<p>2015<br \/>\nMagic Mirror, Pavillon Carr\u00e9 de Baudouin, Paris<br \/>\nL\u2019envers du d\u00e9cor, Maison Particuli\u00e8re, Ancienne Nonciature, Brussels<br \/>\nL\u00e0 o\u00f9 je r\u00e9side l\u2019absurde domine, Hotel des Arts, Toulon<br \/>\nIn the shadow of Eros, Royal Monastery of Brou, Bourg-en-Bresse<br \/>\nLux, Millenium museum, Beijing ; Long Museum, Shanghai ; OCT Loft, Shenzhen<br \/>\nTrace, Chartreuse de Valbonne, Saint-Paulet-de-Caisson<br \/>\nMais sait-on pr\u00e9cis\u00e9ment o\u00f9 il se brise ?, Galerie Suzanne Tarasieve \u2013 Loft 19, Paris<br \/>\nL\u00e0 o\u00f9 commence le jour, LAM, Villeneuve d\u2019Ascq<br \/>\nParcours Saint-Germain, Paris<br \/>\nProsopopeias, Le 104, Paris<br \/>\nThe Housebreaker, Riga Art Space, Latvi<br \/>\nThirty shades of white, Praz-Delavallade gallery, Paris<\/p>\n<p>2014<br \/>\nChoices Collectors Week-end, galerie de l\u2019\u00c9cole Nationale des Beaux Arts, Paris<br \/>\nNuit Blanche, Victoria Square, Montreal, Qc, Canada<br \/>\nCrossings, gallery K11 (Whuhan), gallery Cmoda (Beijing), China<br \/>\nBad for good, exhibition and auction, Disney France, Espace Commines, Paris<br \/>\nThe wall, La Maison Rouge \u2013 Antoine de Galbert Foundation, Paris<br \/>\nMixology, Numthong Gallery, Bangkok, Thailand<br \/>\nSugar Apple Daegu, Daegu, South Korea<br \/>\nLux, Le Fresnoy, Tourcoing<br \/>\nLife &amp; Hope, laureate Sanofi, French institute, Beijing, China<br \/>\nArt is Hope, exhibition and auction for AIDS, Piasa auction, Paris<br \/>\nThe remarkable lightness of being, Aeroplastic gallery, Brussels, Belgium<br \/>\nPaysage en partage, with Robert Cahen, Castle &amp; Museum of Annecy<\/p>\n<p>2013<br \/>\nDe leur temps 4, l\u2019ADIAF \u00e0 Nantes, centre d\u2019art Le hangar \u00e0 Bananes, Nantes<br \/>\nChroniques des mondes possibles, Vasarely Foundation, Aix-en-Provence<br \/>\nVanished, Christophe Gaillard gallery, Paris<br \/>\nBiennale Internationale de Melle<br \/>\nBeyond my dreams, Monastery of Brou, Bourg-en-Bresse<br \/>\nLights, Wuhan, China<br \/>\nThe tree never dies, Th\u00e9\u00e2tre des Sablons, Neuilly<br \/>\nCultural Center of Belgrade (KCB), Serbia<br \/>\nN\u2019habite plus \u00e0 l\u2019adresse indiqu\u00e9e (No longer lives at the current address), Centre Albert Chanot, Clamart<\/p>\n<p>2012<br \/>\nNeon? Who\u2019s afraid of Red, Yellow and Blue?, Maison Rouge, Paris<br \/>\nJeux d\u2019artistes (Artists\u2019 games), Mus\u00e9e Chateau d\u2019Annecy<br \/>\nLe souffle des chim\u00e8res (Chimera breath), Galerie M\u00e9lanie Rio, Nantes<br \/>\nIndian Art Fair, Video Lounge, New Delhi, India<br \/>\nBienal de S\u00e3o Paulo, MUBE, S\u00e3o Paulo, Brazil<br \/>\nVisions fugitives (Fugitive visions), Le Fresnoy, Tourcoing<br \/>\nChapelle de l\u2019H\u00f4pital G\u00e9n\u00e9ral, Videoformes, Clermont-Ferrand<br \/>\nPortraits de famille (Family portraits), Mus\u00e9e Robert Dubois-Corneau, Brunoy<\/p>\n<p>2011<br \/>\nArt souterrain, Montreal, Qc, Canada<br \/>\nFant\u00f4mes et cauchemars, Historial de la grande guerre (Ghosts and nightmares, history of the Great War), P\u00e9ronne<br \/>\nMaison des Arts, Malakoff<br \/>\nParano\u00efa, Exit, Maison des Arts de Cr\u00e9teil, VIA, Maubeuge, Gare St Sauveur, Lille<br \/>\nM\u00e9canique c\u00e9leste (Heavenly mechanics), Odile Ouizeman Gallery, Paris<br \/>\nAugmented senses, Oct Art, Shanghai and Shen Zhen, China<br \/>\nParcours Saint Germain, Paris<br \/>\nMuseu da mare, Rio de Janeiro, Brazil<\/p>\n<p>2010<br \/>\nWho are you, Peter?, Espace Culturel Louis Vuitton, Paris<br \/>\nBy nature, Espace d\u2019Art Contemporain Eug\u00e8ne Baudoin, Anthony<br \/>\nArtCourtVideo, Palais de l\u2019Archev\u00each\u00e9, Arles<br \/>\nRegards, CAB Grenoble<br \/>\nRed Brick Warehouse, Yokohama, Japan<br \/>\nUtopia\/Dystopia, Art Paris, Grand Palais, Paris<br \/>\nAcc\u00e8s(s), Anciens Abbatoirs, Pau<\/p>\n<p>2009<br \/>\nMicroclimat, Parc Culturel de Rentilly<br \/>\nOsosph\u00e8re, Strasbourg<br \/>\nSiana, Nanchang, China<br \/>\nAcc\u00e8s(s), Pau<\/p>\n<p>2008<br \/>\nDans la nuit des images, Grand Palais, Paris<br \/>\nJeune Cr\u00e9ation, Grande Halle de La Villette, Paris<br \/>\nMonobandes, Galerie Les Territoires, Montreal, Canada<br \/>\nLe Vent des For\u00eats, Meuse<br \/>\nParcours St Germain, Christian Dior, Paris<\/p>\n<p>2007<br \/>\nGhetto, The Space, Seoul, Korea<br \/>\nTerritoires de l\u2019image, Le Fresnoy, Tourcoing<br \/>\nArt4LUX, Casino Luxemburg<br \/>\nVisionados, Galerie Pazicomedias, Valencia, Spain<br \/>\nDislocate 07, Ginza Art Lab, Tokyo, Japan<br \/>\nVideo-Salon 2, galerija 10m\u00b2, Sarajevo, Bosnia<br \/>\nFabrica: open eyes, Milan Triennale, Italy<br \/>\nQuel sens?, Odile Ouizeman Gallery, Paris<br \/>\nChangdong Art Studio, National Museum of Contemporary Art, Seoul, Korea<br \/>\nL\u2019\u00e9toffe des songes, Le Vivat, Armenti\u00e8res<\/p>\n<p>2006<br \/>\nFabrica: open eyes, Centre Georges Pompidou, Paris<br \/>\nNormality, The Heder Gallery, Tel Aviv, Israel<br \/>\nGaya International Festival of Culture, Gim Hae City, Korea<br \/>\nDaegu Intrenational Festival of New-Media, Daegu Culture &amp; Art Center, Daegu, Korea<br \/>\nRemix, Copper Smithy, Fiskars, Finland<br \/>\nD&gt;ART.06, Sydney Opera House Studio and Exhibition Hall<br \/>\nVinterfest I Fjaler, Nordic Artist\u2019 Center, Dale, Norway<\/p>\n<p>2005<br \/>\nFull House, K\u00fcnstlerdorf Sch\u00f6ppingen foundation, Germany<br \/>\nCoincidences des images, Saarl\u00e4ndisches K\u00fcnstlerhaus, Saabr\u00fccken, Germany<br \/>\n111 Minna Gallery, Independent Exposure, San Francisco<br \/>\nLange Nacht der Museen, Schwules Museum, Berlin, Germany<\/p>\n<p>2004<br \/>\nInternational Photo Festival, Wuyishan, China<br \/>\nUjazdowski Castle Contemporary Art Center, Warsaw, Poland<br \/>\nPanorama 5, Le Fresnoy Studio National des Arts Contemporains, Tourcoing<\/p>\n<p>2003<br \/>\nPanorama 4, Le Fresnoy National Studio for Contemporary Arts, Tourcoing<\/p>\n<p><strong>COMMISSIONS \u2013 AWARDS \u2013 GRANTS \u2013 RESIDENCIES<\/strong><\/p>\n<p>2024<br \/>\nPublic commission, program Les murmures du temps, Pays de l&#8217;Arbreles, monumental permanent sculpture inaugurated in spring 2024<\/p>\n<p>2023<br \/>\nArt direction and scenographer, temporary exhibition, Louvre Lens<\/p>\n<p>2022<br \/>\nEkphrasis Grant, duo artist\/critic Laurent Pernot\/Aur\u00e9lie Barnier, ADAGP, Paris<br \/>\nPublic commission, MONDES NOUVEAUX program, laureate project<\/p>\n<p>2020<br \/>\nPublic commission, permanent installation &amp; edition, Fran\u00e7oise H\u00e9ritier College, Noisy-le-Sec<\/p>\n<p>2018<br \/>\nPublic commission, permanent installation, in collaboration with Arthur Dreyfus, parc de l&#8217;Armurier, Colomiers, France<\/p>\n<p>2016<br \/>\nTheatre commission, Compagnie Pierre-Guillois &#8211; le Fils du Grand R\u00e9seau, scenography and video, show \u201cAu Galop!\u201d<\/p>\n<p>2015<br \/>\nArt commission, Maison Hennessy, Hennessy 250th Anniversary Tour<\/p>\n<p>2015<br \/>\nResidency, Fabrika, Moscow, Russia<\/p>\n<p>2014<br \/>\nResidency In-Situ, Conseil G\u00e9n\u00e9ral de Seine-St-Denis \u2013 Centre Pompidou, Paris<br \/>\nGrant, Fondation nationale des arts graphiques et plastiques (FNAGP)<br \/>\nGrant, soutien pour une recherche artistique, CNAP<\/p>\n<p>2013<br \/>\nResidency, Thaillywood, Thailand<br \/>\nPublic commission, 1% Artistique, Coll\u00e8ge de la Petite-Hollande, Montb\u00e9liard<\/p>\n<p>2012<br \/>\nPublic commission, 1% Artistique, Le Bateau Feu \u2013 Sc\u00e8ne Nationale, Dunkerque<br \/>\nPublic commission, Les Nouveaux Commanditaires, Centre Hospitalier de St Malo, France<br \/>\nResidency, Vid\u00e9oformes, Clermont-Ferrand<\/p>\n<p>2011<br \/>\nResidency, JA.CA, Belo Horizonte, Brazil<br \/>\nArt commission, installation, Ernst &amp; Young, Tour First, La D\u00e9fense, Paris<\/p>\n<p>2010<br \/>\nPrize, SAM Art Prize 2010, SAM Art Projects<br \/>\nGrant, Centre National des Arts Plastiques (CNAP)<\/p>\n<p>2009<br \/>\nGrant, DRAC Ile De France<br \/>\nGrant, Dicream<br \/>\nVideo commission, D\u00e9fil\u00e9 Haute-Couture Automne-Hiver, Jean-Paul Gaultier, Paris<\/p>\n<p>2008<br \/>\nGrant, Direction des Affaires Culturelles de la Ville de Paris<\/p>\n<p>2007<br \/>\nResidency, city of Beauvais, Drac Picardie<br \/>\nResidency, Cit\u00e9 Internationale des Arts, Paris<br \/>\nGrant UNESCO-Aschberg, Changdong National Art Studio, Seoul, Korea<\/p>\n<p>2006<br \/>\nResidency, P\u00e9pini\u00e8res Europ\u00e9ennes pour Jeunes Artistes, Montreal, Canada<br \/>\nResidency, NKD The Nordic Artists\u2019 Centre, Dale, Norway<\/p>\n<p>2005<br \/>\nResidency, Stiftung K\u00fcnstlerdorf Sch\u00f6ppingen, Germany<br \/>\nResidency, Fabrica, Benneton\u2019s communication research center, Treviso, Italy<\/p>\n<p>2004<br \/>\nResidency, S-AIR, Interxcross Creative Center, Sapporo, Japan<\/p>\n<p>2002<br \/>\nPhoto commission, Frauenklinik Inselspital, Bern, Switzerland, Integral Ruedi-Baur &amp; Associ\u00e9s, Paris<\/p>\n<p><strong>COLLECTIONS<\/strong><\/p>\n<p>Municipal collection of contemporary art for the City of Paris (FMAC)<br \/>\nPublic Collection of contemporary art, Conseil G\u00e9n\u00e9ral de Seine-Saint-Denis<br \/>\nK\u00fcnstlerdorf Sch\u00f6ppingen Foundation, Germany<br \/>\nCollection Antoine de Galbert<br \/>\nMunicipal collection of contemporary art, City of Lyon<br \/>\nMunicipal collection of contemporary art, City of Clichy<br \/>\nCollection Louis Vuitton<br \/>\nCollection Hennessy<br \/>\nCastle Museum Annecy<br \/>\nCentre Georges Pompidou, Paris<br \/>\nMRAC S\u00e9rignan<br \/>\nBiblioth\u00e8que Nationale de France, Paris<br \/>\nMMOMA \u2013 Moscow Museum of Modern Art<br \/>\nMAC VAL \u2013 Mus\u00e9e d\u2019art contemporain du Val-de-Marne, Vitry sur Seine<br \/>\nPublic collection, Artoth\u00e8que, city of Annecy<br \/>\nPublic collection, Pavillon Vend\u00f4me Museum, city of Aix-en-Provence<br \/>\nCollection Vranken POMMERY<br \/>\n<span dir=\"ltr\" role=\"presentation\">Xiao Museum of <\/span><span dir=\"ltr\" role=\"presentation\">Contemporary <\/span><span dir=\"ltr\" role=\"presentation\">Art, China<\/span><br \/>\nPrivate collections<\/p>\n","protected":false},"excerpt":{"rendered":"<p>Born in 1980. Lives and works in Paris. EDUCATION 2004 Le Fresnoy National Studio for Contemporary Arts, Tourcoing 2002 Master\u2019s degree in photography and multimedia, Paris VIII University SOLO EXHIBITIONS 2025 Down to earth, Marguo Gallery, Paris 2023 Je me souviens, Parc National de Saint-Cloud, France 2022 Laurent Pernot, Saint Laurent Rive Droite, Paris &amp; [&hellip;]<\/p>\n","protected":false},"author":1,"featured_media":0,"parent":0,"menu_order":0,"comment_status":"closed","ping_status":"closed","template":"","meta":{"footnotes":""},"class_list":["post-15","page","type-page","status-publish","hentry"],"yoast_head":"<!-- This site is optimized with the Yoast SEO plugin v27.5 - https:\/\/yoast.com\/product\/yoast-seo-wordpress\/ -->\n<title>CV - laurent pernot<\/title>\n<meta name=\"robots\" content=\"index, follow, max-snippet:-1, max-image-preview:large, max-video-preview:-1\" \/>\n<link rel=\"canonical\" href=\"https:\/\/www.laurentpernot.net\/eng\/biography\/\" \/>\n<meta property=\"og:locale\" content=\"en_US\" \/>\n<meta property=\"og:type\" content=\"article\" \/>\n<meta property=\"og:title\" content=\"CV - laurent pernot\" \/>\n<meta property=\"og:description\" content=\"Born in 1980. Lives and works in Paris. EDUCATION 2004 Le Fresnoy National Studio for Contemporary Arts, Tourcoing 2002 Master\u2019s degree in photography and multimedia, Paris VIII University SOLO EXHIBITIONS 2025 Down to earth, Marguo Gallery, Paris 2023 Je me souviens, Parc National de Saint-Cloud, France 2022 Laurent Pernot, Saint Laurent Rive Droite, Paris &amp; [&hellip;]\" \/>\n<meta property=\"og:url\" content=\"https:\/\/www.laurentpernot.net\/eng\/biography\/\" \/>\n<meta property=\"og:site_name\" content=\"laurent pernot\" \/>\n<meta property=\"article:modified_time\" content=\"2025-07-01T17:39:19+00:00\" \/>\n<meta name=\"twitter:label1\" content=\"Est. reading time\" \/>\n\t<meta name=\"twitter:data1\" content=\"9 minutes\" \/>\n<script type=\"application\/ld+json\" class=\"yoast-schema-graph\">{\"@context\":\"https:\\\/\\\/schema.org\",\"@graph\":[{\"@type\":\"WebPage\",\"@id\":\"https:\\\/\\\/www.laurentpernot.net\\\/eng\\\/biography\\\/\",\"url\":\"https:\\\/\\\/www.laurentpernot.net\\\/eng\\\/biography\\\/\",\"name\":\"CV - laurent pernot\",\"isPartOf\":{\"@id\":\"https:\\\/\\\/www.laurentpernot.net\\\/eng\\\/#website\"},\"datePublished\":\"2013-02-10T09:55:43+00:00\",\"dateModified\":\"2025-07-01T17:39:19+00:00\",\"breadcrumb\":{\"@id\":\"https:\\\/\\\/www.laurentpernot.net\\\/eng\\\/biography\\\/#breadcrumb\"},\"inLanguage\":\"en-US\",\"potentialAction\":[{\"@type\":\"ReadAction\",\"target\":[\"https:\\\/\\\/www.laurentpernot.net\\\/eng\\\/biography\\\/\"]}]},{\"@type\":\"BreadcrumbList\",\"@id\":\"https:\\\/\\\/www.laurentpernot.net\\\/eng\\\/biography\\\/#breadcrumb\",\"itemListElement\":[{\"@type\":\"ListItem\",\"position\":1,\"name\":\"Home\",\"item\":\"https:\\\/\\\/www.laurentpernot.net\\\/eng\\\/\"},{\"@type\":\"ListItem\",\"position\":2,\"name\":\"CV\"}]},{\"@type\":\"WebSite\",\"@id\":\"https:\\\/\\\/www.laurentpernot.net\\\/eng\\\/#website\",\"url\":\"https:\\\/\\\/www.laurentpernot.net\\\/eng\\\/\",\"name\":\"laurent pernot\",\"description\":\"Official website of the French contemporary artist Laurent Pernot\",\"potentialAction\":[{\"@type\":\"SearchAction\",\"target\":{\"@type\":\"EntryPoint\",\"urlTemplate\":\"https:\\\/\\\/www.laurentpernot.net\\\/eng\\\/?s={search_term_string}\"},\"query-input\":{\"@type\":\"PropertyValueSpecification\",\"valueRequired\":true,\"valueName\":\"search_term_string\"}}],\"inLanguage\":\"en-US\"}]}<\/script>\n<!-- \/ Yoast SEO plugin. -->","yoast_head_json":{"title":"CV - laurent pernot","robots":{"index":"index","follow":"follow","max-snippet":"max-snippet:-1","max-image-preview":"max-image-preview:large","max-video-preview":"max-video-preview:-1"},"canonical":"https:\/\/www.laurentpernot.net\/eng\/biography\/","og_locale":"en_US","og_type":"article","og_title":"CV - laurent pernot","og_description":"Born in 1980. Lives and works in Paris. EDUCATION 2004 Le Fresnoy National Studio for Contemporary Arts, Tourcoing 2002 Master\u2019s degree in photography and multimedia, Paris VIII University SOLO EXHIBITIONS 2025 Down to earth, Marguo Gallery, Paris 2023 Je me souviens, Parc National de Saint-Cloud, France 2022 Laurent Pernot, Saint Laurent Rive Droite, Paris &amp; [&hellip;]","og_url":"https:\/\/www.laurentpernot.net\/eng\/biography\/","og_site_name":"laurent pernot","article_modified_time":"2025-07-01T17:39:19+00:00","twitter_misc":{"Est. reading time":"9 minutes"},"schema":{"@context":"https:\/\/schema.org","@graph":[{"@type":"WebPage","@id":"https:\/\/www.laurentpernot.net\/eng\/biography\/","url":"https:\/\/www.laurentpernot.net\/eng\/biography\/","name":"CV - laurent pernot","isPartOf":{"@id":"https:\/\/www.laurentpernot.net\/eng\/#website"},"datePublished":"2013-02-10T09:55:43+00:00","dateModified":"2025-07-01T17:39:19+00:00","breadcrumb":{"@id":"https:\/\/www.laurentpernot.net\/eng\/biography\/#breadcrumb"},"inLanguage":"en-US","potentialAction":[{"@type":"ReadAction","target":["https:\/\/www.laurentpernot.net\/eng\/biography\/"]}]},{"@type":"BreadcrumbList","@id":"https:\/\/www.laurentpernot.net\/eng\/biography\/#breadcrumb","itemListElement":[{"@type":"ListItem","position":1,"name":"Home","item":"https:\/\/www.laurentpernot.net\/eng\/"},{"@type":"ListItem","position":2,"name":"CV"}]},{"@type":"WebSite","@id":"https:\/\/www.laurentpernot.net\/eng\/#website","url":"https:\/\/www.laurentpernot.net\/eng\/","name":"laurent pernot","description":"Official website of the French contemporary artist Laurent Pernot","potentialAction":[{"@type":"SearchAction","target":{"@type":"EntryPoint","urlTemplate":"https:\/\/www.laurentpernot.net\/eng\/?s={search_term_string}"},"query-input":{"@type":"PropertyValueSpecification","valueRequired":true,"valueName":"search_term_string"}}],"inLanguage":"en-US"}]}},"_links":{"self":[{"href":"https:\/\/www.laurentpernot.net\/eng\/wp-json\/wp\/v2\/pages\/15","targetHints":{"allow":["GET"]}}],"collection":[{"href":"https:\/\/www.laurentpernot.net\/eng\/wp-json\/wp\/v2\/pages"}],"about":[{"href":"https:\/\/www.laurentpernot.net\/eng\/wp-json\/wp\/v2\/types\/page"}],"author":[{"embeddable":true,"href":"https:\/\/www.laurentpernot.net\/eng\/wp-json\/wp\/v2\/users\/1"}],"replies":[{"embeddable":true,"href":"https:\/\/www.laurentpernot.net\/eng\/wp-json\/wp\/v2\/comments?post=15"}],"version-history":[{"count":116,"href":"https:\/\/www.laurentpernot.net\/eng\/wp-json\/wp\/v2\/pages\/15\/revisions"}],"predecessor-version":[{"id":5784,"href":"https:\/\/www.laurentpernot.net\/eng\/wp-json\/wp\/v2\/pages\/15\/revisions\/5784"}],"wp:attachment":[{"href":"https:\/\/www.laurentpernot.net\/eng\/wp-json\/wp\/v2\/media?parent=15"}],"curies":[{"name":"wp","href":"https:\/\/api.w.org\/{rel}","templated":true}]}}